{"id":118,"date":"2013-12-16T15:14:19","date_gmt":"2013-12-16T15:14:19","guid":{"rendered":"http:\/\/localhost\/wpnation\/?page_id=118"},"modified":"2015-07-18T21:24:42","modified_gmt":"2015-07-18T19:24:42","slug":"contact","status":"publish","type":"page","link":"https:\/\/www.villasanfedele.com\/de\/contact\/","title":{"rendered":"Kontakt"},"content":{"rendered":"<h3>WIE SIE UNS ERREICHEN<\/h3>\n<p><strong>MIT DEM AUTO<\/strong><br \/>\nVon Mailand: Nehmen Sie die A9 Richtung Como und fahren Sie an der letzten Ausfahrt in Italien  (Comer See \u2013 Lago di Como) ab. Folgen Sie der Hauptstra\u00dfe Regina Richtung Menaggio bis Argegno. Nach dem Zentrum des Ortes, 50m nach der Br\u00fccke, biegen Sie links ab nach Valle d\u2019Intelvi. Nach 8km Fahrt kommen Sie in San Fedele Intelvi an.<br \/>\nVon Lugano: Nehmen Sie die Autobahn E35 Richtung Chiasso, Ausfahrt Melide &#8211; Campione d\u2019Italia. Fahren Sie durch die Stadt Bisonne, halten Sie sich links Richtung Arogno und von da an entlang der steilen Stra\u00dfe Valmara bis nach Lanzo, der ersten Stadt durch die Sie im Tal fahren. Folgen Sie der Stra\u00dfe bis Sie nach San Fedele Intelvi gelangen.<br \/>\nIn San Fedele: Im Zentrum von San Fedele auf H\u00f6he des Supermarkts Carrefour biegen Sie auf die gegen\u00fcberliegende Via Gemini Andreetti ab, fahren Sie um die Kirche San Antonio herum, um auf die Via Roma zu gelangen. Dieser Stra\u00dfe folgen Sie aufw\u00e4rts etwa 300m bis diese eine Rechtskurve macht und die Via San Rocco beginnt, Sie sehen bereits die Einfahrt zu Villa San Fedele. Achtung, unsere Einfahrt ist in einer Kurve.<\/p>\n<p><strong>MIT DEM BUS<\/strong><br \/>\nVon Como: Regelm\u00e4\u00dfige Busse von den Stationen FFSS und Ferrovie Nord.<\/p>\n<h3>SENDEN SIE UNS EINE EMAIL<\/h3>\n<div id=\"contact-form-intro\">Bei Fragen oder Kommentaren f\u00fcllen Sie bitte das untenstehende Formular aus, unsere Mitarbeiter helfen Ihnen gerne so schnell wie m\u00f6glich.<\/div>\n<div id=\"contact-form-wrap\">\n<div class=\"wpcf7 no-js\" id=\"wpcf7-f829-o1\" lang=\"en-US\" dir=\"ltr\">\n<div class=\"screen-reader-response\"><p role=\"status\" aria-live=\"polite\" aria-atomic=\"true\"><\/p> <ul><\/ul><\/div>\n<form action=\"\/de\/wp-json\/wp\/v2\/pages\/118#wpcf7-f829-o1\" method=\"post\" class=\"wpcf7-form init\" aria-label=\"Contact form\" novalidate=\"novalidate\" data-status=\"init\">\n<div style=\"display: none;\">\n<input type=\"hidden\" name=\"_wpcf7\" value=\"829\" \/>\n<input type=\"hidden\" name=\"_wpcf7_version\" value=\"5.8.4\" \/>\n<input type=\"hidden\" name=\"_wpcf7_locale\" value=\"en_US\" \/>\n<input type=\"hidden\" name=\"_wpcf7_unit_tag\" value=\"wpcf7-f829-o1\" \/>\n<input type=\"hidden\" name=\"_wpcf7_container_post\" value=\"0\" \/>\n<input type=\"hidden\" name=\"_wpcf7_posted_data_hash\" value=\"\" \/>\n<\/div>\n<p><span class=\"wpcf7-form-control-wrap\" data-name=\"your-name\"><input size=\"40\" class=\"wpcf7-form-control wpcf7-text wpcf7-validates-as-required\" id=\"name-comments-field\" aria-required=\"true\" aria-invalid=\"false\" placeholder=\"geben Sie Ihren Namen\" value=\"\" type=\"text\" name=\"your-name\" \/><\/span>\n<\/p>\n<p><span class=\"wpcf7-form-control-wrap\" data-name=\"your-email\"><input size=\"40\" class=\"wpcf7-form-control wpcf7-email wpcf7-validates-as-required wpcf7-text wpcf7-validates-as-email\" id=\"email-comments-field\" aria-required=\"true\" aria-invalid=\"false\" placeholder=\"geben Sie Ihren Email\" value=\"\" type=\"email\" name=\"your-email\" \/><\/span>\n<\/p>\n<p><span class=\"wpcf7-form-control-wrap\" data-name=\"phone\"><input size=\"40\" class=\"wpcf7-form-control wpcf7-text\" id=\"phone-comments-field\" aria-invalid=\"false\" placeholder=\"geben Sie Ihren Telefonnummer\" value=\"\" type=\"text\" name=\"phone\" \/><\/span>\n<\/p>\n<p><span class=\"wpcf7-form-control-wrap\" data-name=\"your-message\"><textarea cols=\"40\" rows=\"10\" class=\"wpcf7-form-control wpcf7-textarea\" id=\"text-comments-field\" aria-invalid=\"false\" placeholder=\"geben Sie Ihren Nachricht\" name=\"your-message\"><\/textarea><\/span>\n<\/p>\n<p><button type=\"submit\" id=\"submit-button\">Senden<span class=\"icon-envelope\"><\/span><\/button>\n<\/p><div class=\"wpcf7-response-output\" aria-hidden=\"true\"><\/div>\n<\/form>\n<\/div>\n<\/div>\n","protected":false},"excerpt":{"rendered":"<p>WIE SIE UNS ERREICHEN MIT DEM AUTO Von Mailand: Nehmen Sie die A9 Richtung Como und fahren Sie an der letzten Ausfahrt in Italien (Comer See \u2013 Lago di Como) ab. Folgen Sie der Hauptstra\u00dfe Regina Richtung Menaggio bis Argegno. Nach dem Zentrum des Ortes, 50m nach der Br\u00fccke, biegen Sie links ab nach Valle d\u2019Intelvi. Nach 8km Fahrt kommen Sie in San Fedele Intelvi an. Von Lugano: Nehmen Sie die Autobahn E35 Richtung Chiasso, Ausfahrt Melide &#8211; Campione d\u2019Italia. Fahren Sie durch die Stadt Bisonne, halten Sie sich links Richtung Arogno und von da an entlang der steilen Stra\u00dfe Valmara bis nach Lanzo, der ersten Stadt durch die Sie im Tal fahren. Folgen Sie der Stra\u00dfe bis Sie nach San Fedele Intelvi gelangen. In San Fedele: Im Zentrum von San Fedele auf H\u00f6he des Supermarkts Carrefour biegen Sie auf die gegen\u00fcberliegende Via Gemini Andreetti ab, fahren Sie um die Kirche San Antonio herum, um auf die Via Roma zu gelangen. Dieser Stra\u00dfe folgen Sie aufw\u00e4rts etwa 300m bis diese eine Rechtskurve macht und die Via San Rocco beginnt, Sie sehen bereits die Einfahrt zu Villa San Fedele. Achtung, unsere Einfahrt ist in einer Kurve. MIT DEM BUS Von Como: [&hellip;]<\/p>\n","protected":false},"author":1,"featured_media":0,"parent":0,"menu_order":0,"comment_status":"closed","ping_status":"closed","template":"contact.php","meta":[],"_links":{"self":[{"href":"https:\/\/www.villasanfedele.com\/de\/wp-json\/wp\/v2\/pages\/118"}],"collection":[{"href":"https:\/\/www.villasanfedele.com\/de\/wp-json\/wp\/v2\/pages"}],"about":[{"href":"https:\/\/www.villasanfedele.com\/de\/wp-json\/wp\/v2\/types\/page"}],"author":[{"embeddable":true,"href":"https:\/\/www.villasanfedele.com\/de\/wp-json\/wp\/v2\/users\/1"}],"replies":[{"embeddable":true,"href":"https:\/\/www.villasanfedele.com\/de\/wp-json\/wp\/v2\/comments?post=118"}],"version-history":[{"count":14,"href":"https:\/\/www.villasanfedele.com\/de\/wp-json\/wp\/v2\/pages\/118\/revisions"}],"predecessor-version":[{"id":877,"href":"https:\/\/www.villasanfedele.com\/de\/wp-json\/wp\/v2\/pages\/118\/revisions\/877"}],"wp:attachment":[{"href":"https:\/\/www.villasanfedele.com\/de\/wp-json\/wp\/v2\/media?parent=118"}],"curies":[{"name":"wp","href":"https:\/\/api.w.org\/{rel}","templated":true}]}}