{"id":568,"date":"2015-04-08T16:57:04","date_gmt":"2015-04-08T14:57:04","guid":{"rendered":"http:\/\/demo.sgcommunity.it\/hotelsanfedele\/?page_id=568"},"modified":"2015-05-11T14:47:26","modified_gmt":"2015-05-11T12:47:26","slug":"attivita","status":"publish","type":"page","link":"https:\/\/www.villasanfedele.com\/de\/attivita\/","title":{"rendered":"AKTIVIT\u00c4TEN"},"content":{"rendered":"<h3>AKTIVIT\u00c4TEN IN SAN FEDELE INTELVI<\/h3>\n<p>San Fedele Intelvi ist ein beliebtes und lebhaftes Touristenzentrum auf dem Plateau dell&#8217;Aprica (750 m) zwischen Como und der Schweizer Seite von Lugano, an der Kreuzung der T\u00e4ler .<br \/>\nDas kommunale Territorium erstreckt sich bis zum Monte Generoso (1701 m) an der Schweizer Grenze und bis zum Val Breggia, wo sich am Fu\u00dfe des Mount Crocione die Ortschaft Erbonne befindet. Die Stadt besteht aus San Fedele Inferiore, in einem wundersch\u00f6nen Tal inmitten von Wiesen und Kastanien und San Fedele Superiore, dem \u00e4ltesten Teil, unter den H\u00e4ngen des Monte Luria (1293 m) gelegen. San Fedele ist zusammen mit Lanzo das wichtigste Zentrum des Tals.<br \/>\nHeute ist San Fedele ein gro\u00dfes Touristenzentrum und bietet Besuchern zahlreiche Hotelanlagen, Tennispl\u00e4tze, Golfpl\u00e4tze und in der N\u00e4he des Pian delle Noci werden Reiten, Skifahren und andere Aktivit\u00e4ten angeboten.<\/p>\n<ul>\nAktivit\u00e4ten:<\/p>\n<li><a href=\"http:\/\/villasanfedele.com\/de\/attivita\/climbing\/\" title=\"KLETTERN\">Klettern<\/a><\/li>\n<li><a href=\"http:\/\/villasanfedele.com\/de\/attivita\/sci-nautico\/\" title=\"WASSERSKI\">Wasserski<\/a><\/li>\n<li><a href=\"http:\/\/villasanfedele.com\/de\/attivita\/parapendio\/\" title=\"PARAGLIDING\">Paragliding<\/a><\/li>\n<li><a href=\"http:\/\/villasanfedele.com\/de\/attivita\/pesca\/\" title=\"FISCHEN\">Fischen<\/a><\/li>\n<li><a href=\"http:\/\/villasanfedele.com\/de\/attivita\/kanyoning\/\" title=\"CANYONING\">Canyoning<\/a><\/li>\n<li><a href=\"http:\/\/villasanfedele.com\/de\/attivita\/speleologia\/\" title=\"H\u00d6HLENKUNDE\">H\u00f6hlenkunde<\/a><\/li>\n<li><a href=\"http:\/\/villasanfedele.com\/de\/attivita\/equitazione\/\" title=\"REITEN\">Reiten<\/a><\/li>\n<li><a href=\"http:\/\/villasanfedele.com\/de\/attivita\/mountain-bike\/\" title=\"MOUNTAIN BIKE\">Mountain bike<\/a><\/li>\n<li><a href=\"http:\/\/villasanfedele.com\/de\/attivita\/golf-club\/\" title=\"GOLF CLUB\">Golf club<\/a><\/li>\n<li><a href=\"http:\/\/villasanfedele.com\/de\/attivita\/tour-delle-ville-del-lago\/\" title=\"TOUR DER ORTE AM SEE\">Tour der Orte am See<\/a><\/li>\n<li><a href=\"http:\/\/villasanfedele.com\/de\/attivita\/piscina-comunitaria\/\" title=\"SCHWIMMHALLE\">Schwimmhall<\/a><\/li>\n<\/ul>\n","protected":false},"excerpt":{"rendered":"<p>AKTIVIT\u00c4TEN IN SAN FEDELE INTELVI San Fedele Intelvi ist ein beliebtes und lebhaftes Touristenzentrum auf dem Plateau dell&#8217;Aprica (750 m) zwischen Como und der Schweizer Seite von Lugano, an der Kreuzung der T\u00e4ler . Das kommunale Territorium erstreckt sich bis zum Monte Generoso (1701 m) an der Schweizer Grenze und bis zum Val Breggia, wo sich am Fu\u00dfe des Mount Crocione die Ortschaft Erbonne befindet. Die Stadt besteht aus San Fedele Inferiore, in einem wundersch\u00f6nen Tal inmitten von Wiesen und Kastanien und San Fedele Superiore, dem \u00e4ltesten Teil, unter den H\u00e4ngen des Monte Luria (1293 m) gelegen. San Fedele ist zusammen mit Lanzo das wichtigste Zentrum des Tals. Heute ist San Fedele ein gro\u00dfes Touristenzentrum und bietet Besuchern zahlreiche Hotelanlagen, Tennispl\u00e4tze, Golfpl\u00e4tze und in der N\u00e4he des Pian delle Noci werden Reiten, Skifahren und andere Aktivit\u00e4ten angeboten. Aktivit\u00e4ten: Klettern Wasserski Paragliding Fischen Canyoning H\u00f6hlenkunde Reiten Mountain bike Golf club Tour der Orte am See Schwimmhall<\/p>\n","protected":false},"author":1,"featured_media":0,"parent":0,"menu_order":0,"comment_status":"open","ping_status":"open","template":"page-left.php","meta":[],"_links":{"self":[{"href":"https:\/\/www.villasanfedele.com\/de\/wp-json\/wp\/v2\/pages\/568"}],"collection":[{"href":"https:\/\/www.villasanfedele.com\/de\/wp-json\/wp\/v2\/pages"}],"about":[{"href":"https:\/\/www.villasanfedele.com\/de\/wp-json\/wp\/v2\/types\/page"}],"author":[{"embeddable":true,"href":"https:\/\/www.villasanfedele.com\/de\/wp-json\/wp\/v2\/users\/1"}],"replies":[{"embeddable":true,"href":"https:\/\/www.villasanfedele.com\/de\/wp-json\/wp\/v2\/comments?post=568"}],"version-history":[{"count":19,"href":"https:\/\/www.villasanfedele.com\/de\/wp-json\/wp\/v2\/pages\/568\/revisions"}],"predecessor-version":[{"id":822,"href":"https:\/\/www.villasanfedele.com\/de\/wp-json\/wp\/v2\/pages\/568\/revisions\/822"}],"wp:attachment":[{"href":"https:\/\/www.villasanfedele.com\/de\/wp-json\/wp\/v2\/media?parent=568"}],"curies":[{"name":"wp","href":"https:\/\/api.w.org\/{rel}","templated":true}]}}