{"id":790,"date":"2015-04-19T14:02:21","date_gmt":"2015-04-19T12:02:21","guid":{"rendered":"http:\/\/villasanfedele.com\/en\/?page_id=790"},"modified":"2015-06-09T09:13:27","modified_gmt":"2015-06-09T07:13:27","slug":"hotel","status":"publish","type":"page","link":"https:\/\/www.villasanfedele.com\/de\/hotel\/","title":{"rendered":"Hotel"},"content":{"rendered":"<p><img decoding=\"async\" loading=\"lazy\" class=\"alignleft size-full wp-image-596\" src=\"http:\/\/villasanfedele.com\/wp-content\/uploads\/2015\/04\/entrata.jpg\" alt=\"hotel san fedele\" width=\"438\" height=\"350\" srcset=\"https:\/\/www.villasanfedele.com\/de\/wp-content\/uploads\/2015\/04\/entrata.jpg 438w, https:\/\/www.villasanfedele.com\/de\/wp-content\/uploads\/2015\/04\/entrata-300x240.jpg 300w\" sizes=\"(max-width: 438px) 100vw, 438px\" \/>Villa San Fedele, eine sorgf\u00e4ltig restaurierte Jugendstil-Villa aus dem fr\u00fchen 20. Jahrhundert liegt nur 10 Minuten Fahrt vom Comer See und Luganer See und 45 Minuten von Mailand (und der EXPO) entfernt, im breiten und sonnigen Intelvi-Tal.<br \/>\nDie Villa befindet sich in San Fedele Intelvi, 800 Meter \u00fcber dem Meeresspiegel, in einer ruhigen Umgebung und doch nur einen Steinwurf vom Dorfzentrum und den wichtigsten \u00f6ffentlichen Dienstleistungen.<br \/>\nDank der S\u00fcd-West-Ausrichtung der Villa k\u00f6nnen unsere G\u00e4ste voll und ganz die sonnigen Fr\u00fchlings- und Sommertage genie\u00dfen, w\u00e4hrend Sie den herrlichen Blick auf das Tal und die umliegenden Berge bewundern.<br \/>\nAlle dreiundzwanzig Zimmer, jedes einzigartig, befinden sich auf mehreren Ebenen und sind ger\u00e4umig und hell. Die verschiedenen Zimmerkategorien k\u00f6nnen Paare und Familien, Gruppen und Einzelreisende unterbringen.<br \/>\nEine ruhige und erfrischende Nachtruhe nach einem Tag am See oder nach einer erlebnisreichen Motorradtour, das Fr\u00fchst\u00fcck auf der gro\u00dfen Terrasse, ein Buch im Schatten der Linden des gro\u00dfen Gartens zu lesen, sind ein paar Beispiele daf\u00fcr, was Villa San Fedele zu bieten hat.<br \/>\nWir freuen uns darauf, Sie als unsere G\u00e4ste zu begr\u00fc\u00dfen und werden unser Bestes tun, um Ihren Aufenthalt angenehm zu gestalten.<\/p>\n<hr \/>\n<h4>DAS INTELVI-TAL<\/h4>\n<p>Das Intelvi-Tal erstreckt sich \u00fcber fast zw\u00f6lf Kilometer n\u00f6rdlich von Como (20 km), zwischen dem Comer See (Lario) und dem Luganersee (Ceresio) und wird durch den Fluss Telo geteilt.<br \/>\nDas sonnige und bezaubernde Tal \u00f6ffnet sich zu den Bergen auf etwas mehr als tausend Meter H\u00f6he mit gr\u00fcnen Wiesen und Mor\u00e4nenh\u00e4ngen. Ein mildes Klima und \u00fcppige Vegetation sind die Hauptmerkmale des Tales. Die h\u00fcgelige Landschaft ist eine der sch\u00f6nsten in den Alpen der Lombardei.<br \/>\nSowohl bekannte Ferienorte als auch kleine Ortschaften, die aufgrund ihrer archaischen Einfachheit fast unber\u00fchrt bleiben, k\u00f6nen auf 3 Zufahrtswegen erreicht werden: von Argegno am Comer See, von Osteno am Luganer See und von Lanzo durch das steile Val Mara Tal welches sich nahe der schweizerisch-italienischen Grenze einebnet.<\/p>\n","protected":false},"excerpt":{"rendered":"<p>Villa San Fedele, eine sorgf\u00e4ltig restaurierte Jugendstil-Villa aus dem fr\u00fchen 20. Jahrhundert liegt nur 10 Minuten Fahrt vom Comer See und Luganer See und 45 Minuten von Mailand (und der EXPO) entfernt, im breiten und sonnigen Intelvi-Tal. Die Villa befindet sich in San Fedele Intelvi, 800 Meter \u00fcber dem Meeresspiegel, in einer ruhigen Umgebung und doch nur einen Steinwurf vom Dorfzentrum und den wichtigsten \u00f6ffentlichen Dienstleistungen. Dank der S\u00fcd-West-Ausrichtung der Villa k\u00f6nnen unsere G\u00e4ste voll und ganz die sonnigen Fr\u00fchlings- und Sommertage genie\u00dfen, w\u00e4hrend Sie den herrlichen Blick auf das Tal und die umliegenden Berge bewundern. Alle dreiundzwanzig Zimmer, jedes einzigartig, befinden sich auf mehreren Ebenen und sind ger\u00e4umig und hell. Die verschiedenen Zimmerkategorien k\u00f6nnen Paare und Familien, Gruppen und Einzelreisende unterbringen. Eine ruhige und erfrischende Nachtruhe nach einem Tag am See oder nach einer erlebnisreichen Motorradtour, das Fr\u00fchst\u00fcck auf der gro\u00dfen Terrasse, ein Buch im Schatten der Linden des gro\u00dfen Gartens zu lesen, sind ein paar Beispiele daf\u00fcr, was Villa San Fedele zu bieten hat. Wir freuen uns darauf, Sie als unsere G\u00e4ste zu begr\u00fc\u00dfen und werden unser Bestes tun, um Ihren Aufenthalt angenehm zu gestalten. DAS INTELVI-TAL Das Intelvi-Tal erstreckt sich \u00fcber fast zw\u00f6lf Kilometer n\u00f6rdlich von Como [&hellip;]<\/p>\n","protected":false},"author":1,"featured_media":0,"parent":0,"menu_order":0,"comment_status":"closed","ping_status":"closed","template":"page-fullwidth.php","meta":[],"_links":{"self":[{"href":"https:\/\/www.villasanfedele.com\/de\/wp-json\/wp\/v2\/pages\/790"}],"collection":[{"href":"https:\/\/www.villasanfedele.com\/de\/wp-json\/wp\/v2\/pages"}],"about":[{"href":"https:\/\/www.villasanfedele.com\/de\/wp-json\/wp\/v2\/types\/page"}],"author":[{"embeddable":true,"href":"https:\/\/www.villasanfedele.com\/de\/wp-json\/wp\/v2\/users\/1"}],"replies":[{"embeddable":true,"href":"https:\/\/www.villasanfedele.com\/de\/wp-json\/wp\/v2\/comments?post=790"}],"version-history":[{"count":6,"href":"https:\/\/www.villasanfedele.com\/de\/wp-json\/wp\/v2\/pages\/790\/revisions"}],"predecessor-version":[{"id":840,"href":"https:\/\/www.villasanfedele.com\/de\/wp-json\/wp\/v2\/pages\/790\/revisions\/840"}],"wp:attachment":[{"href":"https:\/\/www.villasanfedele.com\/de\/wp-json\/wp\/v2\/media?parent=790"}],"curies":[{"name":"wp","href":"https:\/\/api.w.org\/{rel}","templated":true}]}}