{"id":697,"date":"2015-04-10T19:23:38","date_gmt":"2015-04-10T17:23:38","guid":{"rendered":"http:\/\/demo.sgcommunity.it\/hotelsanfedele\/?page_id=697"},"modified":"2015-04-10T19:30:50","modified_gmt":"2015-04-10T17:30:50","slug":"climbing","status":"publish","type":"page","link":"https:\/\/www.villasanfedele.com\/en\/attivita\/climbing\/","title":{"rendered":"CLIMBING"},"content":{"rendered":"<p>Torre di arrampicata; Laino &#8211; Gestita dal CAI Valle Intelvi &#8211; \u00e8 necessaria prenotazione &#8211; Cell. 333 3468201. &#8211; Falesia di Carate Urio: Per raggiungerla: lungo la statale Regina, all\u2019indicazione Carate Urio, parcheggiare sotto la chiesetta, in prossimit\u00e0 di un tornante. Da qui una scala in pietra porta sopra alla suddetta chiesetta, costeggiare il cimitero, indicazioni Falesia. Seguire per Somaina, piccolo agglomerato di vecchie case in pietra, e superatolo dopo circa 30 mt. deviare a destra per un sentiero ben marcato (indicazioni: dopo i pali della luce,deviazione a sinistra e superati due piccoli risalti, corde fisse, si arriva alla falesia. Totale: 15 minuti dall\u2019auto).<\/p>\n<p>DIFFICOLTA&#8217;: A Laino \u00e8 presente una torre di arrampicata che prevede difficolt\u00e0 diverse, a partire dall\u2019et\u00e0 minima di 5 anni. Extreme: la Falesia di Carate Urio \u00e8 impegnativa ed \u00e8 destinata a climbers medio-esperti (grado di difficolt\u00e0 francese 5a\/8a).<\/p>\n<p>ATTREZZATURA TECNICA: Per chi volesse provare ad arrampicare alla Torre di Laino e non avesse l\u2019attrezzatura necessaria. Presentarsi con scarpe con un buon grip.- Il Kit di arrampicata, completo di Kit di sicurezza, \u00e8 fornito dal CAI Valle Intelvi.<\/p>\n<p>INFORMAZIONI UTILI: Nel Climbing l\u2019aspetto mentale \u00e8 sicuramente l\u2019aspetto pi\u00f9 importante, la parola d\u2019ordine \u00e8: divertimento, senza mai tralasciare nessun dettaglio sulla sicurezza.<\/p>\n","protected":false},"excerpt":{"rendered":"<p>Torre di arrampicata; Laino &#8211; Gestita dal CAI Valle Intelvi &#8211; \u00e8 necessaria prenotazione &#8211; Cell. 333 3468201. &#8211; Falesia di Carate Urio: Per raggiungerla: lungo la statale Regina, all\u2019indicazione Carate Urio, parcheggiare sotto la chiesetta, in prossimit\u00e0 di un tornante. Da qui una scala in pietra porta sopra alla suddetta chiesetta, costeggiare il cimitero, indicazioni Falesia. Seguire per Somaina, piccolo agglomerato di vecchie case in pietra, e superatolo dopo circa 30 mt. deviare a destra per un sentiero ben marcato (indicazioni: dopo i pali della luce,deviazione a sinistra e superati due piccoli risalti, corde fisse, si arriva alla falesia. Totale: 15 minuti dall\u2019auto). DIFFICOLTA&#8217;: A Laino \u00e8 presente una torre di arrampicata che prevede difficolt\u00e0 diverse, a partire dall\u2019et\u00e0 minima di 5 anni. Extreme: la Falesia di Carate Urio \u00e8 impegnativa ed \u00e8 destinata a climbers medio-esperti (grado di difficolt\u00e0 francese 5a\/8a). ATTREZZATURA TECNICA: Per chi volesse provare ad arrampicare alla Torre di Laino e non avesse l\u2019attrezzatura necessaria. Presentarsi con scarpe con un buon grip.- Il Kit di arrampicata, completo di Kit di sicurezza, \u00e8 fornito dal CAI Valle Intelvi. INFORMAZIONI UTILI: Nel Climbing l\u2019aspetto mentale \u00e8 sicuramente l\u2019aspetto pi\u00f9 importante, la parola d\u2019ordine \u00e8: divertimento, senza mai [&hellip;]<\/p>\n","protected":false},"author":1,"featured_media":0,"parent":568,"menu_order":0,"comment_status":"closed","ping_status":"closed","template":"page-fullwidth.php","meta":[],"_links":{"self":[{"href":"https:\/\/www.villasanfedele.com\/en\/wp-json\/wp\/v2\/pages\/697"}],"collection":[{"href":"https:\/\/www.villasanfedele.com\/en\/wp-json\/wp\/v2\/pages"}],"about":[{"href":"https:\/\/www.villasanfedele.com\/en\/wp-json\/wp\/v2\/types\/page"}],"author":[{"embeddable":true,"href":"https:\/\/www.villasanfedele.com\/en\/wp-json\/wp\/v2\/users\/1"}],"replies":[{"embeddable":true,"href":"https:\/\/www.villasanfedele.com\/en\/wp-json\/wp\/v2\/comments?post=697"}],"version-history":[{"count":1,"href":"https:\/\/www.villasanfedele.com\/en\/wp-json\/wp\/v2\/pages\/697\/revisions"}],"predecessor-version":[{"id":698,"href":"https:\/\/www.villasanfedele.com\/en\/wp-json\/wp\/v2\/pages\/697\/revisions\/698"}],"up":[{"embeddable":true,"href":"https:\/\/www.villasanfedele.com\/en\/wp-json\/wp\/v2\/pages\/568"}],"wp:attachment":[{"href":"https:\/\/www.villasanfedele.com\/en\/wp-json\/wp\/v2\/media?parent=697"}],"curies":[{"name":"wp","href":"https:\/\/api.w.org\/{rel}","templated":true}]}}