{"id":703,"date":"2015-04-10T19:25:50","date_gmt":"2015-04-10T17:25:50","guid":{"rendered":"http:\/\/demo.sgcommunity.it\/hotelsanfedele\/?page_id=703"},"modified":"2015-04-10T19:25:50","modified_gmt":"2015-04-10T17:25:50","slug":"pesca","status":"publish","type":"page","link":"https:\/\/www.villasanfedele.com\/en\/attivita\/pesca\/","title":{"rendered":"PESCA"},"content":{"rendered":"<p>Lungo la riviera lariana, nel Torrente Telo di Argegno e nel Torrente Telo di Osteno (attenti alla cartellonistica per le aree vietate)<\/p>\n<p>INFORMAZIONI UTILI:La pesca sportiva \u00e8 una cosa seria e chi la pratica deve avere buoni comportamenti nel rispetto della natura. \u00c8 regolamentata dalla Provincia. La prima cosa da fare per pescare \u00e8 avere la Licenza di Pesca: vedere le info sul sito www.provincia.como.it\/menuLeft\/servizi\/caccia-e-pesca\/rilascio-licenza-pesca.html. I residenti in Lombardia devono avere la licenza di tipo B, di durata annuale, iI residenti all\u2019estero di tipo D, di durata trimestrale. Senza licenza possono pescare soltanto i minori di anni 13 con canna da pesca.<\/p>\n<p>ZONE DI TUTELA ITTICA: (pesca consentita solo da riva, con una sola canna) Claino con Osteno: alla foce del torrente Telo, per un raggio di 50 metri. Argegno: dall\u2019albergo Belvedere sino a 100 metri a Nord della foce del torrente Telo, per una larghezza di 150 metri dalla riva.<\/p>\n<p>TRATTI DI DIVIETI DI PESCA: Torrente Telo di Argegno in Comune di Schignano, dal ponte della mulattiera per Argegno, localit\u00e0 Mulini, al ponte della strada per Perla, localit\u00e0 Fusina.<\/p>\n<p>TRATTI DI PESCA FACILITATA: Torrente Telo di Osteno &#8211; Comune di Laino, dalla localit\u00e0 \u201cBurgantun\u201d alla localit\u00e0 \u201cBurgant della Minica\u201d.<\/p>\n","protected":false},"excerpt":{"rendered":"<p>Lungo la riviera lariana, nel Torrente Telo di Argegno e nel Torrente Telo di Osteno (attenti alla cartellonistica per le aree vietate) INFORMAZIONI UTILI:La pesca sportiva \u00e8 una cosa seria e chi la pratica deve avere buoni comportamenti nel rispetto della natura. \u00c8 regolamentata dalla Provincia. La prima cosa da fare per pescare \u00e8 avere la Licenza di Pesca: vedere le info sul sito www.provincia.como.it\/menuLeft\/servizi\/caccia-e-pesca\/rilascio-licenza-pesca.html. I residenti in Lombardia devono avere la licenza di tipo B, di durata annuale, iI residenti all\u2019estero di tipo D, di durata trimestrale. Senza licenza possono pescare soltanto i minori di anni 13 con canna da pesca. ZONE DI TUTELA ITTICA: (pesca consentita solo da riva, con una sola canna) Claino con Osteno: alla foce del torrente Telo, per un raggio di 50 metri. Argegno: dall\u2019albergo Belvedere sino a 100 metri a Nord della foce del torrente Telo, per una larghezza di 150 metri dalla riva. TRATTI DI DIVIETI DI PESCA: Torrente Telo di Argegno in Comune di Schignano, dal ponte della mulattiera per Argegno, localit\u00e0 Mulini, al ponte della strada per Perla, localit\u00e0 Fusina. TRATTI DI PESCA FACILITATA: Torrente Telo di Osteno &#8211; Comune di Laino, dalla localit\u00e0 \u201cBurgantun\u201d alla localit\u00e0 \u201cBurgant della Minica\u201d.<\/p>\n","protected":false},"author":1,"featured_media":0,"parent":568,"menu_order":0,"comment_status":"closed","ping_status":"closed","template":"page-fullwidth.php","meta":[],"_links":{"self":[{"href":"https:\/\/www.villasanfedele.com\/en\/wp-json\/wp\/v2\/pages\/703"}],"collection":[{"href":"https:\/\/www.villasanfedele.com\/en\/wp-json\/wp\/v2\/pages"}],"about":[{"href":"https:\/\/www.villasanfedele.com\/en\/wp-json\/wp\/v2\/types\/page"}],"author":[{"embeddable":true,"href":"https:\/\/www.villasanfedele.com\/en\/wp-json\/wp\/v2\/users\/1"}],"replies":[{"embeddable":true,"href":"https:\/\/www.villasanfedele.com\/en\/wp-json\/wp\/v2\/comments?post=703"}],"version-history":[{"count":1,"href":"https:\/\/www.villasanfedele.com\/en\/wp-json\/wp\/v2\/pages\/703\/revisions"}],"predecessor-version":[{"id":704,"href":"https:\/\/www.villasanfedele.com\/en\/wp-json\/wp\/v2\/pages\/703\/revisions\/704"}],"up":[{"embeddable":true,"href":"https:\/\/www.villasanfedele.com\/en\/wp-json\/wp\/v2\/pages\/568"}],"wp:attachment":[{"href":"https:\/\/www.villasanfedele.com\/en\/wp-json\/wp\/v2\/media?parent=703"}],"curies":[{"name":"wp","href":"https:\/\/api.w.org\/{rel}","templated":true}]}}