{"id":705,"date":"2015-04-10T19:26:34","date_gmt":"2015-04-10T17:26:34","guid":{"rendered":"http:\/\/demo.sgcommunity.it\/hotelsanfedele\/?page_id=705"},"modified":"2015-04-22T18:53:52","modified_gmt":"2015-04-22T16:53:52","slug":"kanyoning","status":"publish","type":"page","link":"https:\/\/www.villasanfedele.com\/en\/attivita\/kanyoning\/","title":{"rendered":"CANYONING"},"content":{"rendered":"<p>Di seguito proponiamo le discese pi\u00f9 conosciute e frequentate con dati aggiornati all\u2019ottobre 2013. I tempi, molto indicativi, si riferiscono ad un gruppo di 3-4 persone. La bellezza con scala crescente da 1 a 7. Gli ancoraggi sono in tutti i casi pi\u00f9 che sufficienti. Ricordiamo che sono tutte forre a carattere torrentizio con periodi di quasi secca e periodi di piene proibitive. Con temporali estivi rapido aumento della portata in tempi stretti quindi assicurarsi del volume d\u2019acqua (all\u2019uscita a valle) e controllare sempre il meteo. Copertura cellulare 35\/100 &#8211; Emergenza 112\/118.<\/p>\n<p>CAMOGGIE &#8211; Pigra &#8211; Colonno Decisamente tecnica, con corrimano esposti e alte calate 65 (45+20) e 110 (55+55), ottima vista sul lago Como. Interessantissimo avvicinamento con funivia di Pigra che riduce i tempi di avvicinamento a 2 km navetta e 15 min. a piedi. Esposizione sud. Vertic\/acquatic\/ impegno V4\/a2\/III Bellezza 4 Dislivello 400 mt Sviluppo 1300 mt Calata max 110 mt N\u00b0calate 13 Avvicin. (minuti) 75 Uscita (minuti) 10 Tempi percorrenza 5 h Navetta Km no<\/p>\n<p>LIRONE &#8211; Claino &#8211; Osteno Perla nel calcare di Moltrasio. Molto inforrata e divertente con tuffi, notevoli toboga. Attenzione alla portata della strettoia dopo la confluenza idro SX. La sucessiva pozza con scavernamento trattiene abbastanza. Inizialmente semplice ma con gran finale. Esposizione nord-est. Vertic\/acquatic\/ impegno V3\/a4\/VI Bellezza 5\/6 Dislivello 220 mt Sviluppo 1200 mt Calata max 16 mt N\u00b0calate 7 Avvicin. (minuti) 5 Uscita (minuti) 2 Tempi percorrenza 3.5 h Navetta Km 4 Km<\/p>\n<p>LIRONE &#8211; Claino &#8211; Osteno Perla nel calcare di Moltrasio. Molto inforrata e divertente con tuffi, notevoli toboga. Attenzione alla portata della strettoia dopo la confluenza idro SX. La sucessiva pozza con scavernamento trattiene abbastanza. Inizialmente semplice ma con gran finale. Esposizione nord-est. Vertic\/acquatic\/ impegno V3\/a4\/VI Bellezza 5\/6 Dislivello 220 mt Sviluppo 1200 mt Calata max 16 mt N\u00b0calate 7 Avvicin. (minuti) 5 Uscita (minuti) 2 Tempi percorrenza 3.5 h Navetta Km 4 Km SANTA GIULIA &#8211; Claino &#8211; Osteno Discreta forra con bellissima e suggestiva cascata finale di 60 mt (5 mt corrimano).Possibile navetta 4 km + 3 km strada non omologata, sprotetta e sterrata (4&#215;4). Vertic\/acquatic\/ impegno V4\/a3\/III Bellezza 3\/4 Dislivello 210 mt Sviluppo 1000 mt Calata max 60 mt N\u00b0calate 7 Avvicin. (minuti) 70 Uscita (minuti) 4 Tempi percorrenza 3.5 h Navetta Km vedi STRUTTURE &#8211; CANYONING a KM ZERO: in San Fedele Intelvi organizza splendide discese accompagnate da guide alpine con specializzazione canyoning. Per info: Antonio 335 548 0565 (orario negozio calzature Salandin) &#8211; facebook: Canyoning Kmzero. &#8211; CANYONING MLG: propone anche discese fuori territorio lariointelvese &#8211; accompagnamento di guida alpina con specializzazione canyoning. Per info: Paolo 335 6871079 &#8211; Mario +41 79 2778368 &#8211; www.mariolaguida.com Per entrambe le strutture: richiesta prenotazione. Anche servizio navetta. Dai 12 anni se accompagnati da adulto. Possibilit\u00e0 di noleggio dell\u2019attrezzatura tecnica completa. Abbigliamento proprio: costume da bagno, scarponcini da trekking (per uso in acqua), asciugamano, cambio vestiti e scarpe.<\/p>\n<p>DIFFICOLTA&#8217; Verificare indicazioni in tabella<\/p>\n<p>ATTREZZATURA TECNICA: Muta da 5 mm, calzari in neoprene, imbracatura con longe, casco e giubbino di salvataggio.<\/p>\n<p>INFORMAZIONI UTILI: Il canyoning, o torrentismo, consiste nella discesa a piedi di corsi d\u2019acqua che scorrono all\u2019interno di strette gole profondamente scavate nella roccia e caratterizzati da portata ridotta e forte pendenza. Canyoning \u00e8 vivere l\u2019emozione dell\u2019avventura in un ambiente selvaggio, il divertimento di nuotare, tuffarsi e scivolare all\u2019interno di stupendi canyon levigati dall\u2019acqua. Nella nostra zona i torrenti hanno scavato nel corso dei secoli profonde forre perfette per questa attivit\u00e0, potenzialmente pericolosa. Non \u00e8 uno sport individuale, ma di gruppo. La quantit\u00e0 di materiale necessario alla discesa e questioni di sicurezza consigliano di evitare la formazione di gruppi inferiori a 4 persone. Doti preferenziali sono una buona resistenza a sforzi prolungati e buone capacit\u00e0 di nuoto e di arrampicata.<\/p>\n","protected":false},"excerpt":{"rendered":"<p>Di seguito proponiamo le discese pi\u00f9 conosciute e frequentate con dati aggiornati all\u2019ottobre 2013. I tempi, molto indicativi, si riferiscono ad un gruppo di 3-4 persone. La bellezza con scala crescente da 1 a 7. Gli ancoraggi sono in tutti i casi pi\u00f9 che sufficienti. Ricordiamo che sono tutte forre a carattere torrentizio con periodi di quasi secca e periodi di piene proibitive. Con temporali estivi rapido aumento della portata in tempi stretti quindi assicurarsi del volume d\u2019acqua (all\u2019uscita a valle) e controllare sempre il meteo. Copertura cellulare 35\/100 &#8211; Emergenza 112\/118. CAMOGGIE &#8211; Pigra &#8211; Colonno Decisamente tecnica, con corrimano esposti e alte calate 65 (45+20) e 110 (55+55), ottima vista sul lago Como. Interessantissimo avvicinamento con funivia di Pigra che riduce i tempi di avvicinamento a 2 km navetta e 15 min. a piedi. Esposizione sud. Vertic\/acquatic\/ impegno V4\/a2\/III Bellezza 4 Dislivello 400 mt Sviluppo 1300 mt Calata max 110 mt N\u00b0calate 13 Avvicin. (minuti) 75 Uscita (minuti) 10 Tempi percorrenza 5 h Navetta Km no LIRONE &#8211; Claino &#8211; Osteno Perla nel calcare di Moltrasio. Molto inforrata e divertente con tuffi, notevoli toboga. Attenzione alla portata della strettoia dopo la confluenza idro SX. La sucessiva pozza con [&hellip;]<\/p>\n","protected":false},"author":1,"featured_media":0,"parent":568,"menu_order":0,"comment_status":"closed","ping_status":"closed","template":"page-fullwidth.php","meta":[],"_links":{"self":[{"href":"https:\/\/www.villasanfedele.com\/en\/wp-json\/wp\/v2\/pages\/705"}],"collection":[{"href":"https:\/\/www.villasanfedele.com\/en\/wp-json\/wp\/v2\/pages"}],"about":[{"href":"https:\/\/www.villasanfedele.com\/en\/wp-json\/wp\/v2\/types\/page"}],"author":[{"embeddable":true,"href":"https:\/\/www.villasanfedele.com\/en\/wp-json\/wp\/v2\/users\/1"}],"replies":[{"embeddable":true,"href":"https:\/\/www.villasanfedele.com\/en\/wp-json\/wp\/v2\/comments?post=705"}],"version-history":[{"count":2,"href":"https:\/\/www.villasanfedele.com\/en\/wp-json\/wp\/v2\/pages\/705\/revisions"}],"predecessor-version":[{"id":802,"href":"https:\/\/www.villasanfedele.com\/en\/wp-json\/wp\/v2\/pages\/705\/revisions\/802"}],"up":[{"embeddable":true,"href":"https:\/\/www.villasanfedele.com\/en\/wp-json\/wp\/v2\/pages\/568"}],"wp:attachment":[{"href":"https:\/\/www.villasanfedele.com\/en\/wp-json\/wp\/v2\/media?parent=705"}],"curies":[{"name":"wp","href":"https:\/\/api.w.org\/{rel}","templated":true}]}}