{"id":707,"date":"2015-04-10T19:27:09","date_gmt":"2015-04-10T17:27:09","guid":{"rendered":"http:\/\/demo.sgcommunity.it\/hotelsanfedele\/?page_id=707"},"modified":"2015-04-10T19:27:09","modified_gmt":"2015-04-10T17:27:09","slug":"equitazione","status":"publish","type":"page","link":"https:\/\/www.villasanfedele.com\/en\/attivita\/equitazione\/","title":{"rendered":"EQUITAZIONE"},"content":{"rendered":"<p>STRUTTURE:<\/p>\n<p>IL BIVACCO, Lanzo d\u2019Intelvi. Tel. Sabrina 3807655488 &#8211; Marina 380 7655677 Qu\u00ec sono ospitati i \u201cCavalli del Bisbino\u201d<\/p>\n<p>IL CAVALLINO, San Fedele Intelvi. Tel. Micaela 335 5715486 Centro affiliato<\/p>\n<p>ACSI, CONI &#8211; corsi base per bambini e adulti, avviamento all\u2019agonismo e campus estivi aperti a tutti i bambini<\/p>\n<p>LA NEVERA, Loc. Rondanino, Lanzo d\u2019Intelvi. Tel. Francesca 335 1795654 &#8211; Anche ippoterapia. Presso La Nevera ha sede l\u2019ASSOCIAZIONE PER IL TURISMO EQUESTRE DEI MONTI LARIANI, che organizza trekking a cavallo in Valle Intelvi. Info e prenotazioni: Luigi 333 8654 921 &#8211; righetti.luigi@yahoo.it Se non si \u00e8 muniti di abbigliamento da equitazione \u00e8 necessario presentarsi con abbigliamento sportivo, l\u2019abbigliamento di sicurezza, come casco e corsetto, viene fornito dai centri di equitazione.<\/p>\n<p>DIFFICOLTA&#8217;: Fino ai 4 anni si pratica con cavalli pony; le strutture della valle prevedono attivit\u00e0 per ogni difficolt\u00e0.<\/p>\n<p>INFORMAZIONI UTILI :I cavalli sono sicuramente animali affettuosi, che per\u00f2 si spaventano facilmente. Ecco perch\u00e8 in loro presenza bisogna stare sempre attenti. Colto di sorpresa il cavallo pu\u00f2 spaventarsi, scartare di colpo e darsi alla fuga. Un cavaliere deve essere sempre attento al suo assetto. Un cavallo pu\u00f2 essere eccitato, felice o in collera, come lo siamo noi. I suoi diversi atteggiamenti possono far capire quello che prova o quello che sta per fare. Ad ogni modo, fidarsi dei maestri di equitazione per i primi approcci.<\/p>\n","protected":false},"excerpt":{"rendered":"<p>STRUTTURE: IL BIVACCO, Lanzo d\u2019Intelvi. Tel. Sabrina 3807655488 &#8211; Marina 380 7655677 Qu\u00ec sono ospitati i \u201cCavalli del Bisbino\u201d IL CAVALLINO, San Fedele Intelvi. Tel. Micaela 335 5715486 Centro affiliato ACSI, CONI &#8211; corsi base per bambini e adulti, avviamento all\u2019agonismo e campus estivi aperti a tutti i bambini LA NEVERA, Loc. Rondanino, Lanzo d\u2019Intelvi. Tel. Francesca 335 1795654 &#8211; Anche ippoterapia. Presso La Nevera ha sede l\u2019ASSOCIAZIONE PER IL TURISMO EQUESTRE DEI MONTI LARIANI, che organizza trekking a cavallo in Valle Intelvi. Info e prenotazioni: Luigi 333 8654 921 &#8211; righetti.luigi@yahoo.it Se non si \u00e8 muniti di abbigliamento da equitazione \u00e8 necessario presentarsi con abbigliamento sportivo, l\u2019abbigliamento di sicurezza, come casco e corsetto, viene fornito dai centri di equitazione. DIFFICOLTA&#8217;: Fino ai 4 anni si pratica con cavalli pony; le strutture della valle prevedono attivit\u00e0 per ogni difficolt\u00e0. INFORMAZIONI UTILI :I cavalli sono sicuramente animali affettuosi, che per\u00f2 si spaventano facilmente. Ecco perch\u00e8 in loro presenza bisogna stare sempre attenti. Colto di sorpresa il cavallo pu\u00f2 spaventarsi, scartare di colpo e darsi alla fuga. Un cavaliere deve essere sempre attento al suo assetto. Un cavallo pu\u00f2 essere eccitato, felice o in collera, come lo siamo noi. I suoi diversi [&hellip;]<\/p>\n","protected":false},"author":1,"featured_media":0,"parent":568,"menu_order":0,"comment_status":"closed","ping_status":"closed","template":"page-fullwidth.php","meta":[],"_links":{"self":[{"href":"https:\/\/www.villasanfedele.com\/en\/wp-json\/wp\/v2\/pages\/707"}],"collection":[{"href":"https:\/\/www.villasanfedele.com\/en\/wp-json\/wp\/v2\/pages"}],"about":[{"href":"https:\/\/www.villasanfedele.com\/en\/wp-json\/wp\/v2\/types\/page"}],"author":[{"embeddable":true,"href":"https:\/\/www.villasanfedele.com\/en\/wp-json\/wp\/v2\/users\/1"}],"replies":[{"embeddable":true,"href":"https:\/\/www.villasanfedele.com\/en\/wp-json\/wp\/v2\/comments?post=707"}],"version-history":[{"count":1,"href":"https:\/\/www.villasanfedele.com\/en\/wp-json\/wp\/v2\/pages\/707\/revisions"}],"predecessor-version":[{"id":708,"href":"https:\/\/www.villasanfedele.com\/en\/wp-json\/wp\/v2\/pages\/707\/revisions\/708"}],"up":[{"embeddable":true,"href":"https:\/\/www.villasanfedele.com\/en\/wp-json\/wp\/v2\/pages\/568"}],"wp:attachment":[{"href":"https:\/\/www.villasanfedele.com\/en\/wp-json\/wp\/v2\/media?parent=707"}],"curies":[{"name":"wp","href":"https:\/\/api.w.org\/{rel}","templated":true}]}}