{"id":713,"date":"2015-04-10T19:29:30","date_gmt":"2015-04-10T17:29:30","guid":{"rendered":"http:\/\/demo.sgcommunity.it\/hotelsanfedele\/?page_id=713"},"modified":"2015-04-10T19:29:30","modified_gmt":"2015-04-10T17:29:30","slug":"golf-club","status":"publish","type":"page","link":"https:\/\/www.villasanfedele.com\/en\/attivita\/golf-club\/","title":{"rendered":"GOLF CLUB"},"content":{"rendered":"<p>\u00c8 l\u2019unico campo da golf presente sul territorio lariointelvese, in Loc. Piano delle Noci &#8211; Tel. 031 839060.<br \/>\nCampo a nove buche. Golf di montagna (quota c.a.1.000 m), aperto da fine marzo al ponte di Ognissanti a novembre.<br \/>\nIn bassa stagione il club chiude i luned\u00ec non festivi. In alta stagione sempre aperto dalle 9.00 alle 17.00. Dotato di campo pratica coperto.<br \/>\nPresente una scuola golf, sia per neofiti che per giocatori esperti, specializzata in particolare per i giovani. Il Golf Lanzo vanta, a livello giovanile, la presenza di campioni italiani e regionali. Possibilit\u00e0 di golf-car. Per le uscite sul campo, riservate a giocatori tesserati, rivolgersi alla segreteria. Inoltre nel complesso sono presenti un rinomato ristorante e una rivendita attrezzature per \u201cuscite occasionali\u201d. Lungo il suo percorso si trovano alcuni massi erratici con incisioni \u201ccupelliformi\u201d di particolare importanza. Sito a poca distanza dal confine, attraverso il Valico della Valmara, che porta in pochi chilometri (uscita di Bissone\/Campione d\u2019Italia) all\u2019autostrada A9 che collega le citt\u00e0 di Milano, Varese e Lugano. Per accedervi \u00e8 necessario essere gi\u00e0 iscritto ad un Golf Club. Abbigliamento e attrezzatura proprie.<\/p>\n","protected":false},"excerpt":{"rendered":"<p>\u00c8 l\u2019unico campo da golf presente sul territorio lariointelvese, in Loc. Piano delle Noci &#8211; Tel. 031 839060. Campo a nove buche. Golf di montagna (quota c.a.1.000 m), aperto da fine marzo al ponte di Ognissanti a novembre. In bassa stagione il club chiude i luned\u00ec non festivi. In alta stagione sempre aperto dalle 9.00 alle 17.00. Dotato di campo pratica coperto. Presente una scuola golf, sia per neofiti che per giocatori esperti, specializzata in particolare per i giovani. Il Golf Lanzo vanta, a livello giovanile, la presenza di campioni italiani e regionali. Possibilit\u00e0 di golf-car. Per le uscite sul campo, riservate a giocatori tesserati, rivolgersi alla segreteria. Inoltre nel complesso sono presenti un rinomato ristorante e una rivendita attrezzature per \u201cuscite occasionali\u201d. Lungo il suo percorso si trovano alcuni massi erratici con incisioni \u201ccupelliformi\u201d di particolare importanza. Sito a poca distanza dal confine, attraverso il Valico della Valmara, che porta in pochi chilometri (uscita di Bissone\/Campione d\u2019Italia) all\u2019autostrada A9 che collega le citt\u00e0 di Milano, Varese e Lugano. Per accedervi \u00e8 necessario essere gi\u00e0 iscritto ad un Golf Club. Abbigliamento e attrezzatura proprie.<\/p>\n","protected":false},"author":1,"featured_media":0,"parent":568,"menu_order":0,"comment_status":"closed","ping_status":"closed","template":"page-fullwidth.php","meta":[],"_links":{"self":[{"href":"https:\/\/www.villasanfedele.com\/en\/wp-json\/wp\/v2\/pages\/713"}],"collection":[{"href":"https:\/\/www.villasanfedele.com\/en\/wp-json\/wp\/v2\/pages"}],"about":[{"href":"https:\/\/www.villasanfedele.com\/en\/wp-json\/wp\/v2\/types\/page"}],"author":[{"embeddable":true,"href":"https:\/\/www.villasanfedele.com\/en\/wp-json\/wp\/v2\/users\/1"}],"replies":[{"embeddable":true,"href":"https:\/\/www.villasanfedele.com\/en\/wp-json\/wp\/v2\/comments?post=713"}],"version-history":[{"count":1,"href":"https:\/\/www.villasanfedele.com\/en\/wp-json\/wp\/v2\/pages\/713\/revisions"}],"predecessor-version":[{"id":714,"href":"https:\/\/www.villasanfedele.com\/en\/wp-json\/wp\/v2\/pages\/713\/revisions\/714"}],"up":[{"embeddable":true,"href":"https:\/\/www.villasanfedele.com\/en\/wp-json\/wp\/v2\/pages\/568"}],"wp:attachment":[{"href":"https:\/\/www.villasanfedele.com\/en\/wp-json\/wp\/v2\/media?parent=713"}],"curies":[{"name":"wp","href":"https:\/\/api.w.org\/{rel}","templated":true}]}}