{"id":568,"date":"2015-04-08T16:57:04","date_gmt":"2015-04-08T14:57:04","guid":{"rendered":"http:\/\/demo.sgcommunity.it\/hotelsanfedele\/?page_id=568"},"modified":"2015-05-28T15:54:39","modified_gmt":"2015-05-28T13:54:39","slug":"attivita","status":"publish","type":"page","link":"https:\/\/www.villasanfedele.com\/es\/attivita\/","title":{"rendered":"ACTIVIDADES"},"content":{"rendered":"<h3>ACTIVIDADES EN SAN FEDELE INTELVI<\/h3>\n<p>San Fedele Intelvi es un famoso y animado centro tur\u00edstico situado en la gran meseta del \u201cAprica\u201d (750m) entre Como y la parte suiza de Lugano, en el cruce de los valles. El distrito se extiende hasta el Monte \u201cGeneroso\u201d(1.701 m), en la frontera suiza hasta la \u201cVal Breggia\u201d donde, a las faldas del Monte \u201cCrocione\u201d, se encuentra la aldea de \u201cErbonne\u201d. La ciudad se compone de \u201cSan Fedele Inferior\u201d, situado en un hermoso valle en los pastizales y la casta\u00f1a, y de \u201cSan Fedele Superior, el n\u00facleo m\u00e1s antiguo situado bajo las laderas del Monte Luria (1293m). San Fedele junto con Lanzo son el centro m\u00e1s importante del valle.<\/p>\n<p>Actualmente San Fedele es un gran centro tur\u00edstico que ofrece a sus numerosos visitantes hoteles, canchas de tenis, campos de golf y en el cercano \u201cPian delle Noci\u201d, equitaci\u00f3n, esqu\u00ed y otras actividades.<\/p>\n<ul>\nACTIVIDADES:<\/p>\n<li><a href=\"http:\/\/villasanfedele.com\/es\/villa-san-fedele\/attivita\/climbing\/\" title=\"CLIMBING\">ESCALADA<\/a><\/li>\n<li><a href=\"http:\/\/villasanfedele.com\/es\/villa-san-fedele\/attivita\/sci-nautico\/\" title=\"SCI NAUTICO\">ESQU\u00cd ACU\u00c1TICO <\/a><\/li>\n<li><a href=\"http:\/\/villasanfedele.com\/es\/villa-san-fedele\/attivita\/parapendio\/\" title=\"PARAPENDIO\">PARAPENTE<\/a><\/li>\n<li><a href=\"http:\/\/villasanfedele.com\/es\/villa-san-fedele\/attivita\/pesca\/\" title=\"PESCA\">PESCA<\/a><\/li>\n<li><a href=\"http:\/\/villasanfedele.com\/es\/villa-san-fedele\/attivita\/kanyoning\/\" title=\"KANYONING\">BARRANQUISMO<\/a><\/li>\n<li><a href=\"http:\/\/villasanfedele.com\/es\/villa-san-fedele\/attivita\/speleologia\/\" title=\"SPELEOLOGIA\">ESPELEOLOG\u00cdA<\/a><\/li>\n<li><a href=\"http:\/\/villasanfedele.com\/es\/villa-san-fedele\/attivita\/equitazione\/\" title=\"EQUITAZIONE\">MONTAR A CABALLO<\/a><\/li>\n<li><a href=\"http:\/\/villasanfedele.com\/es\/villa-san-fedele\/attivita\/mountain-bike\/\" title=\"MOUNTAIN BIKE\">MOUNTAIN BIKE<\/a><\/li>\n<li><a href=\"http:\/\/villasanfedele.com\/es\/villa-san-fedele\/attivita\/golf-club\/\" title=\"GOLF CLUB\">CLUB DE GOLF<\/a><\/li>\n<li><a href=\"http:\/\/villasanfedele.com\/es\/villa-san-fedele\/attivita\/tour-delle-ville-del-lago\/\" title=\"TOUR DELLE VILLE DEL LAGO\">TOUR DE LAS VILLAS EN EL LAGO <\/a><\/li>\n<li><a href=\"http:\/\/villasanfedele.com\/es\/villa-san-fedele\/attivita\/piscina-comunitaria\/\" title=\"PISCINA COMUNITARIA\">PISCINA COMUNAL<\/a><\/li>\n<\/ul>\n","protected":false},"excerpt":{"rendered":"<p>ACTIVIDADES EN SAN FEDELE INTELVI San Fedele Intelvi es un famoso y animado centro tur\u00edstico situado en la gran meseta del \u201cAprica\u201d (750m) entre Como y la parte suiza de Lugano, en el cruce de los valles. El distrito se extiende hasta el Monte \u201cGeneroso\u201d(1.701 m), en la frontera suiza hasta la \u201cVal Breggia\u201d donde, a las faldas del Monte \u201cCrocione\u201d, se encuentra la aldea de \u201cErbonne\u201d. La ciudad se compone de \u201cSan Fedele Inferior\u201d, situado en un hermoso valle en los pastizales y la casta\u00f1a, y de \u201cSan Fedele Superior, el n\u00facleo m\u00e1s antiguo situado bajo las laderas del Monte Luria (1293m). San Fedele junto con Lanzo son el centro m\u00e1s importante del valle. Actualmente San Fedele es un gran centro tur\u00edstico que ofrece a sus numerosos visitantes hoteles, canchas de tenis, campos de golf y en el cercano \u201cPian delle Noci\u201d, equitaci\u00f3n, esqu\u00ed y otras actividades. ACTIVIDADES: ESCALADA ESQU\u00cd ACU\u00c1TICO PARAPENTE PESCA BARRANQUISMO ESPELEOLOG\u00cdA MONTAR A CABALLO MOUNTAIN BIKE CLUB DE GOLF TOUR DE LAS VILLAS EN EL LAGO PISCINA COMUNAL<\/p>\n","protected":false},"author":1,"featured_media":0,"parent":0,"menu_order":0,"comment_status":"open","ping_status":"open","template":"page-left.php","meta":[],"_links":{"self":[{"href":"https:\/\/www.villasanfedele.com\/es\/wp-json\/wp\/v2\/pages\/568"}],"collection":[{"href":"https:\/\/www.villasanfedele.com\/es\/wp-json\/wp\/v2\/pages"}],"about":[{"href":"https:\/\/www.villasanfedele.com\/es\/wp-json\/wp\/v2\/types\/page"}],"author":[{"embeddable":true,"href":"https:\/\/www.villasanfedele.com\/es\/wp-json\/wp\/v2\/users\/1"}],"replies":[{"embeddable":true,"href":"https:\/\/www.villasanfedele.com\/es\/wp-json\/wp\/v2\/comments?post=568"}],"version-history":[{"count":19,"href":"https:\/\/www.villasanfedele.com\/es\/wp-json\/wp\/v2\/pages\/568\/revisions"}],"predecessor-version":[{"id":834,"href":"https:\/\/www.villasanfedele.com\/es\/wp-json\/wp\/v2\/pages\/568\/revisions\/834"}],"wp:attachment":[{"href":"https:\/\/www.villasanfedele.com\/es\/wp-json\/wp\/v2\/media?parent=568"}],"curies":[{"name":"wp","href":"https:\/\/api.w.org\/{rel}","templated":true}]}}