{"id":790,"date":"2015-04-19T14:02:21","date_gmt":"2015-04-19T12:02:21","guid":{"rendered":"http:\/\/villasanfedele.com\/en\/?page_id=790"},"modified":"2015-06-09T09:23:30","modified_gmt":"2015-06-09T07:23:30","slug":"hotel","status":"publish","type":"page","link":"https:\/\/www.villasanfedele.com\/es\/hotel\/","title":{"rendered":"Hotel"},"content":{"rendered":"<p><img decoding=\"async\" loading=\"lazy\" class=\"alignleft size-full wp-image-596\" src=\"http:\/\/villasanfedele.com\/wp-content\/uploads\/2015\/04\/entrata.jpg\" alt=\"hotel san fedele\" width=\"438\" height=\"350\" srcset=\"https:\/\/www.villasanfedele.com\/es\/wp-content\/uploads\/2015\/04\/entrata.jpg 438w, https:\/\/www.villasanfedele.com\/es\/wp-content\/uploads\/2015\/04\/entrata-300x240.jpg 300w\" sizes=\"(max-width: 438px) 100vw, 438px\" \/>A los 10 minutos del Lago de Como y del lago de Lugano y a 45 minutos de Mil\u00e1n (y la Expo) en el amplio, soleado Valle Intelvi se ubica Villa San Fedele, una villa de los inicios del siglo XX cuidadosamente restaurada.<br \/>\nLa villa se encuentra en San Fedele Intelvi, a 800 metros sobre el nivel del mar, en un lugar tranquilo, lejos del caos, pero un tiro de piedra del centro de la ciudad y los principales servicios.<br \/>\nLa orientaci\u00f3n beneficiosa de la villa permite a los hu\u00e9spedes disfrutar de los d\u00edas soleados de primavera y verano disfrutando de una espl\u00e9ndida vista del valle y las monta\u00f1as circundantes.<br \/>\nLas 23 habitaciones, todas diferentes y distribuidas en varios niveles, son amplias y luminosas.<br \/>\nLos diferentes tipos de habitaci\u00f3n pueden acomodar parejas y familias, grupos y viajeros individuales.<br \/>\nUn descanso nocturno tranquilo y fresco despu\u00e9s de un d\u00eda en el lago, deportes o despu\u00e9s de un emocionante paseo en motocicleta, un gran desayuno en la terraza, leer un libro en la sombra de los tilos del jard\u00edn, son peque\u00f1os ejemplos de lo que Villa San Fedele puede ofrecer.<br \/>\nPor nuestra parte les decimos que ustedes son bienvenidos y que haremos todo lo posible para que su estancia sea agradable.<br \/>\nLos esperamos!<\/p>\n<hr \/>\n<h4>EL VALLE INTELVI<\/h4>\n<p>El Valle de Intelvi se extiende a lo largo de casi 12 kil\u00f3metros, se encuentra a unos 20 km al norte de la ciudad de Como, entre el lago de Como (Lario) y el lago de Lugano (Ceresio) y est\u00e1 atravesado por el arroyo Telo.<br \/>\nEs un valle encantador, soleado y se abre a las monta\u00f1as que son poco m\u00e1s de mil metros y que se caracterizan por verdes praderas y laderas de morrenas. El clima muy suave y la abundante vegetaci\u00f3n del valle son sus principales caracter\u00edsticas. El paisaje monta\u00f1oso puede ser considerado uno de los m\u00e1s bellos de los Alpes de Lombard\u00eda.<br \/>\nTanto lugares tur\u00edsticos famosos como pueblos peque\u00f1os que permanecen casi intocados en su antigua sencillez se pueden alcanzar por tres v\u00edas de acceso: desde Argegno en el Lago de Como, desde Osteno en el Lago de Lugano y Lanzo a trav\u00e9s del empinado valle Val Mara que se aplana cerca de la frontera suizo-italiana.<\/p>\n","protected":false},"excerpt":{"rendered":"<p>A los 10 minutos del Lago de Como y del lago de Lugano y a 45 minutos de Mil\u00e1n (y la Expo) en el amplio, soleado Valle Intelvi se ubica Villa San Fedele, una villa de los inicios del siglo XX cuidadosamente restaurada. La villa se encuentra en San Fedele Intelvi, a 800 metros sobre el nivel del mar, en un lugar tranquilo, lejos del caos, pero un tiro de piedra del centro de la ciudad y los principales servicios. La orientaci\u00f3n beneficiosa de la villa permite a los hu\u00e9spedes disfrutar de los d\u00edas soleados de primavera y verano disfrutando de una espl\u00e9ndida vista del valle y las monta\u00f1as circundantes. Las 23 habitaciones, todas diferentes y distribuidas en varios niveles, son amplias y luminosas. Los diferentes tipos de habitaci\u00f3n pueden acomodar parejas y familias, grupos y viajeros individuales. Un descanso nocturno tranquilo y fresco despu\u00e9s de un d\u00eda en el lago, deportes o despu\u00e9s de un emocionante paseo en motocicleta, un gran desayuno en la terraza, leer un libro en la sombra de los tilos del jard\u00edn, son peque\u00f1os ejemplos de lo que Villa San Fedele puede ofrecer. Por nuestra parte les decimos que ustedes son bienvenidos y que haremos [&hellip;]<\/p>\n","protected":false},"author":1,"featured_media":0,"parent":0,"menu_order":0,"comment_status":"open","ping_status":"open","template":"page-fullwidth.php","meta":[],"_links":{"self":[{"href":"https:\/\/www.villasanfedele.com\/es\/wp-json\/wp\/v2\/pages\/790"}],"collection":[{"href":"https:\/\/www.villasanfedele.com\/es\/wp-json\/wp\/v2\/pages"}],"about":[{"href":"https:\/\/www.villasanfedele.com\/es\/wp-json\/wp\/v2\/types\/page"}],"author":[{"embeddable":true,"href":"https:\/\/www.villasanfedele.com\/es\/wp-json\/wp\/v2\/users\/1"}],"replies":[{"embeddable":true,"href":"https:\/\/www.villasanfedele.com\/es\/wp-json\/wp\/v2\/comments?post=790"}],"version-history":[{"count":4,"href":"https:\/\/www.villasanfedele.com\/es\/wp-json\/wp\/v2\/pages\/790\/revisions"}],"predecessor-version":[{"id":819,"href":"https:\/\/www.villasanfedele.com\/es\/wp-json\/wp\/v2\/pages\/790\/revisions\/819"}],"wp:attachment":[{"href":"https:\/\/www.villasanfedele.com\/es\/wp-json\/wp\/v2\/media?parent=790"}],"curies":[{"name":"wp","href":"https:\/\/api.w.org\/{rel}","templated":true}]}}