{"id":814,"date":"2015-05-28T15:03:42","date_gmt":"2015-05-28T13:03:42","guid":{"rendered":"http:\/\/villasanfedele.com\/es\/?page_id=814"},"modified":"2015-07-18T20:10:28","modified_gmt":"2015-07-18T18:10:28","slug":"c","status":"publish","type":"page","link":"https:\/\/www.villasanfedele.com\/es\/c\/","title":{"rendered":"Contacto"},"content":{"rendered":"<h3>C\u00f3mo llegar<\/h3>\n<p><strong>En coche<\/strong><\/p>\n<p>Desde Mil\u00e1n: Tome la A9 hacia Como. \u00daltima salida de Italia (Lago de Como). Siga la carretera principal Regina direcci\u00f3n Menaggio hasta Argegno. Despu\u00e9s del centro de Argegno, 50m despu\u00e9s del puente, gire a la izquierda para Valle d&#8217;Intelvi. Despu\u00e9s de 8 kil\u00f3metros llega a San Fedele Intelvi.<\/p>\n<p>Desde Lugano: Tome la autopista E35 hacia Chiasso. Salga en la salida de Melide &#8211; Campione D&#8217;Italia. Pase a trav\u00e9s de la ciudad de Bissone, gire a la izquierda hacia Arogno y desde all\u00ed siga la carretera por el empinado valle Valmara a Lanzo, la primera ciudad en el valle que se encuentre. Siga la misma carretera hasta llegar a San Fedele Intelvi.<\/p>\n<p>En San Fedele: En el centro de San Fedele Intelvi a la altura del supermercado Carrefour gire a la Via Gemini Andreetti (opuesta al super, letrero hacia Pigra), d\u00e9 vuelta por la iglesia San Antonio para llegar a la Via Roma. Suba esta calle hasta que la calle inicie a hacer una curva hacia la derecha y empiece Via San Rocco (a 300 metros de la iglesia) y ya est\u00e1 enfrente de la entrada de Villa San Fedele. Atenci\u00f3n, nuestra entrada se encuentra en una curva.<\/p>\n<p><strong>EN AUTOB\u00daS<\/strong><br \/>\nDesde Como: estaciones de autobuses regulares FFSS y Ferrovie Nord.<\/p>\n<h3>ENV\u00cdE UN CORREO ELECTR\u00d3NICO<\/h3>\n<div id=\"contact-form-intro\">Para cualquier pregunta o comentario favor de completar el siguiente formulario, nuestro personal estar\u00e1 encantado de ayudarle contestando tan pronto como sea posible.<\/div>\n<div id=\"contact-form-wrap\">\n<div class=\"wpcf7 no-js\" id=\"wpcf7-f468-o1\" lang=\"en-US\" dir=\"ltr\">\n<div class=\"screen-reader-response\"><p role=\"status\" aria-live=\"polite\" aria-atomic=\"true\"><\/p> <ul><\/ul><\/div>\n<form action=\"\/es\/wp-json\/wp\/v2\/pages\/814#wpcf7-f468-o1\" method=\"post\" class=\"wpcf7-form init\" aria-label=\"Contact form\" novalidate=\"novalidate\" data-status=\"init\">\n<div style=\"display: none;\">\n<input type=\"hidden\" name=\"_wpcf7\" value=\"468\" \/>\n<input type=\"hidden\" name=\"_wpcf7_version\" value=\"5.8.4\" \/>\n<input type=\"hidden\" name=\"_wpcf7_locale\" value=\"en_US\" \/>\n<input type=\"hidden\" name=\"_wpcf7_unit_tag\" value=\"wpcf7-f468-o1\" \/>\n<input type=\"hidden\" name=\"_wpcf7_container_post\" value=\"0\" \/>\n<input type=\"hidden\" name=\"_wpcf7_posted_data_hash\" value=\"\" \/>\n<\/div>\n<p><span class=\"wpcf7-form-control-wrap\" data-name=\"your-name\"><input size=\"40\" class=\"wpcf7-form-control wpcf7-text wpcf7-validates-as-required\" id=\"name-comments-field\" aria-required=\"true\" aria-invalid=\"false\" placeholder=\"Nombre\" value=\"\" type=\"text\" name=\"your-name\" \/><\/span>\n<\/p>\n<p><span class=\"wpcf7-form-control-wrap\" data-name=\"your-email\"><input size=\"40\" class=\"wpcf7-form-control wpcf7-email wpcf7-validates-as-required wpcf7-text wpcf7-validates-as-email\" id=\"email-comments-field\" aria-required=\"true\" aria-invalid=\"false\" placeholder=\"Apellido\" value=\"\" type=\"email\" name=\"your-email\" \/><\/span>\n<\/p>\n<p><span class=\"wpcf7-form-control-wrap\" data-name=\"phone\"><input size=\"40\" class=\"wpcf7-form-control wpcf7-text\" id=\"phone-comments-field\" aria-invalid=\"false\" placeholder=\"Tel\u00e9fono\" value=\"\" type=\"text\" name=\"phone\" \/><\/span>\n<\/p>\n<p><span class=\"wpcf7-form-control-wrap\" data-name=\"your-message\"><textarea cols=\"40\" rows=\"10\" class=\"wpcf7-form-control wpcf7-textarea\" id=\"text-comments-field\" aria-invalid=\"false\" placeholder=\"Mensaje\" name=\"your-message\"><\/textarea><\/span>\n<\/p>\n<p><button type=\"submit\" id=\"submit-button\">Enviar mensaje <span class=\"icon-envelope\"><\/span><\/button>\n<\/p><div class=\"wpcf7-response-output\" aria-hidden=\"true\"><\/div>\n<\/form>\n<\/div>\n<\/div>\n","protected":false},"excerpt":{"rendered":"<p>C\u00f3mo llegar En coche Desde Mil\u00e1n: Tome la A9 hacia Como. \u00daltima salida de Italia (Lago de Como). Siga la carretera principal Regina direcci\u00f3n Menaggio hasta Argegno. Despu\u00e9s del centro de Argegno, 50m despu\u00e9s del puente, gire a la izquierda para Valle d&#8217;Intelvi. Despu\u00e9s de 8 kil\u00f3metros llega a San Fedele Intelvi. Desde Lugano: Tome la autopista E35 hacia Chiasso. Salga en la salida de Melide &#8211; Campione D&#8217;Italia. Pase a trav\u00e9s de la ciudad de Bissone, gire a la izquierda hacia Arogno y desde all\u00ed siga la carretera por el empinado valle Valmara a Lanzo, la primera ciudad en el valle que se encuentre. Siga la misma carretera hasta llegar a San Fedele Intelvi. En San Fedele: En el centro de San Fedele Intelvi a la altura del supermercado Carrefour gire a la Via Gemini Andreetti (opuesta al super, letrero hacia Pigra), d\u00e9 vuelta por la iglesia San Antonio para llegar a la Via Roma. Suba esta calle hasta que la calle inicie a hacer una curva hacia la derecha y empiece Via San Rocco (a 300 metros de la iglesia) y ya est\u00e1 enfrente de la entrada de Villa San Fedele. Atenci\u00f3n, nuestra entrada se encuentra en una [&hellip;]<\/p>\n","protected":false},"author":1,"featured_media":0,"parent":0,"menu_order":0,"comment_status":"closed","ping_status":"closed","template":"contact.php","meta":[],"_links":{"self":[{"href":"https:\/\/www.villasanfedele.com\/es\/wp-json\/wp\/v2\/pages\/814"}],"collection":[{"href":"https:\/\/www.villasanfedele.com\/es\/wp-json\/wp\/v2\/pages"}],"about":[{"href":"https:\/\/www.villasanfedele.com\/es\/wp-json\/wp\/v2\/types\/page"}],"author":[{"embeddable":true,"href":"https:\/\/www.villasanfedele.com\/es\/wp-json\/wp\/v2\/users\/1"}],"replies":[{"embeddable":true,"href":"https:\/\/www.villasanfedele.com\/es\/wp-json\/wp\/v2\/comments?post=814"}],"version-history":[{"count":3,"href":"https:\/\/www.villasanfedele.com\/es\/wp-json\/wp\/v2\/pages\/814\/revisions"}],"predecessor-version":[{"id":865,"href":"https:\/\/www.villasanfedele.com\/es\/wp-json\/wp\/v2\/pages\/814\/revisions\/865"}],"wp:attachment":[{"href":"https:\/\/www.villasanfedele.com\/es\/wp-json\/wp\/v2\/media?parent=814"}],"curies":[{"name":"wp","href":"https:\/\/api.w.org\/{rel}","templated":true}]}}